{"id":11107,"date":"2022-05-10T10:46:14","date_gmt":"2022-05-10T08:46:14","guid":{"rendered":"https:\/\/www.albumtheca.it\/ponte-en-contacto-con\/"},"modified":"2024-06-19T10:51:55","modified_gmt":"2024-06-19T08:51:55","slug":"ponte-en-contacto-con","status":"publish","type":"page","link":"https:\/\/www.albumtheca.it\/es\/ponte-en-contacto-con\/","title":{"rendered":"Ponte en contacto con"},"content":{"rendered":"\t\t<div data-elementor-type=\"wp-page\" data-elementor-id=\"11107\" class=\"elementor elementor-11107 elementor-466\">\n\t\t\t\t\t\t\t\t\t<section class=\"elementor-section elementor-top-section elementor-element elementor-element-63443168 elementor-section-boxed elementor-section-height-default elementor-section-height-default parallax_section_no qode_elementor_container_no elementor-invisible\" data-id=\"63443168\" data-element_type=\"section\" data-settings=\"{&quot;background_background&quot;:&quot;classic&quot;,&quot;animation&quot;:&quot;fadeIn&quot;}\">\n\t\t\t\t\t\t<div class=\"elementor-container elementor-column-gap-no\">\n\t\t\t\t\t<div class=\"elementor-column elementor-col-50 elementor-top-column elementor-element elementor-element-4d14ea71\" data-id=\"4d14ea71\" data-element_type=\"column\">\n\t\t\t<div class=\"elementor-widget-wrap elementor-element-populated\">\n\t\t\t\t\t\t\t\t<div class=\"elementor-element elementor-element-41b75cc7 elementor-widget elementor-widget-text-editor\" data-id=\"41b75cc7\" data-element_type=\"widget\" data-widget_type=\"text-editor.default\">\n\t\t\t\t<div class=\"elementor-widget-container\">\n\t\t\t<style>\/*! elementor - v3.6.6 - 08-06-2022 *\/\n.elementor-widget-text-editor.elementor-drop-cap-view-stacked .elementor-drop-cap{background-color:#818a91;color:#fff}.elementor-widget-text-editor.elementor-drop-cap-view-framed .elementor-drop-cap{color:#818a91;border:3px solid;background-color:transparent}.elementor-widget-text-editor:not(.elementor-drop-cap-view-default) .elementor-drop-cap{margin-top:8px}.elementor-widget-text-editor:not(.elementor-drop-cap-view-default) .elementor-drop-cap-letter{width:1em;height:1em}.elementor-widget-text-editor .elementor-drop-cap{float:left;text-align:center;line-height:1;font-size:50px}.elementor-widget-text-editor .elementor-drop-cap-letter{display:inline-block}<\/style>\t\t\t\t<h6>CONTACTOS<\/h6>\n\t\t\t\t\t\t<\/div>\n\t\t\t\t<\/div>\n\t\t\t\t<div class=\"elementor-element elementor-element-3a64b932 elementor-widget elementor-widget-text-editor\" data-id=\"3a64b932\" data-element_type=\"widget\" data-widget_type=\"text-editor.default\">\n\t\t\t\t<div class=\"elementor-widget-container\">\n\t\t\t\t\t\t\t<h3>Si eres un particular y deseas m\u00e1s informaci\u00f3n sobre nuestros productos, env\u00edanos un mensaje: uno de nuestros representantes se pondr\u00e1 en contacto contigo lo antes posible.<\/h3>\n<h3>Si eres <em>fot\u00f3grafo<\/em>, selecciona el enlace \u00abContacto profesional\u00bb y rellena los campos obligatorios.<\/h3>\n<h3><em>Correo electr\u00f3nico:<\/em> <a href=\"mailto:info@albumtheca.com\">info@albumtheca.com<\/a><\/h3>\n\t\t\t\t\t\t<\/div>\n\t\t\t\t<\/div>\n\t\t\t\t\t<\/div>\n\t\t<\/div>\n\t\t\t\t<div class=\"elementor-column elementor-col-50 elementor-top-column elementor-element elementor-element-5a29b235\" data-id=\"5a29b235\" data-element_type=\"column\">\n\t\t\t<div class=\"elementor-widget-wrap\">\n\t\t\t\t\t\t\t\t\t<\/div>\n\t\t<\/div>\n\t\t\t\t\t\t\t<\/div>\n\t\t<\/section>\n\t\t\t\t<section class=\"elementor-section elementor-top-section elementor-element elementor-element-15335f14 elementor-section-boxed elementor-section-height-default elementor-section-height-default parallax_section_no qode_elementor_container_no elementor-invisible\" data-id=\"15335f14\" data-element_type=\"section\" data-settings=\"{&quot;animation&quot;:&quot;fadeIn&quot;}\">\n\t\t\t\t\t\t<div class=\"elementor-container elementor-column-gap-default\">\n\t\t\t\t\t<div class=\"elementor-column elementor-col-100 elementor-top-column elementor-element elementor-element-210fe2a8\" data-id=\"210fe2a8\" data-element_type=\"column\" data-settings=\"{&quot;background_background&quot;:&quot;slideshow&quot;,&quot;background_slideshow_gallery&quot;:[],&quot;background_slideshow_loop&quot;:&quot;yes&quot;,&quot;background_slideshow_slide_duration&quot;:5000,&quot;background_slideshow_slide_transition&quot;:&quot;fade&quot;,&quot;background_slideshow_transition_duration&quot;:500}\">\n\t\t\t<div class=\"elementor-widget-wrap elementor-element-populated\">\n\t\t\t\t\t\t\t\t<div class=\"elementor-element elementor-element-47c7abc3 elementor-widget elementor-widget-spacer\" data-id=\"47c7abc3\" data-element_type=\"widget\" data-widget_type=\"spacer.default\">\n\t\t\t\t<div class=\"elementor-widget-container\">\n\t\t\t<style>\/*! elementor - v3.6.6 - 08-06-2022 *\/\n.e-container.e-container--row .elementor-spacer-inner{width:var(--spacer-size)}.e-container.e-container--column .elementor-spacer-inner,.elementor-column .elementor-spacer-inner{height:var(--spacer-size)}<\/style>\t\t<div class=\"elementor-spacer\">\n\t\t\t<div class=\"elementor-spacer-inner\"><\/div>\n\t\t<\/div>\n\t\t\t\t<\/div>\n\t\t\t\t<\/div>\n\t\t\t\t\t<\/div>\n\t\t<\/div>\n\t\t\t\t\t\t\t<\/div>\n\t\t<\/section>\n\t\t\t\t<section class=\"elementor-section elementor-top-section elementor-element elementor-element-7497f4f elementor-section-boxed elementor-section-height-default elementor-section-height-default parallax_section_no qode_elementor_container_no elementor-invisible\" data-id=\"7497f4f\" data-element_type=\"section\" data-settings=\"{&quot;animation&quot;:&quot;fadeIn&quot;}\">\n\t\t\t\t\t\t<div class=\"elementor-container elementor-column-gap-default\">\n\t\t\t\t\t<div class=\"elementor-column elementor-col-50 elementor-top-column elementor-element elementor-element-b7af30a\" data-id=\"b7af30a\" data-element_type=\"column\">\n\t\t\t<div class=\"elementor-widget-wrap elementor-element-populated\">\n\t\t\t\t\t\t\t\t<div class=\"elementor-element elementor-element-6ff7249 elementor-widget elementor-widget-text-editor\" data-id=\"6ff7249\" data-element_type=\"widget\" data-widget_type=\"text-editor.default\">\n\t\t\t\t<div class=\"elementor-widget-container\">\n\t\t\t\t\t\t\t<h3>SOLICITAR CONTACTO<\/h3>\n\t\t\t\t\t\t<\/div>\n\t\t\t\t<\/div>\n\t\t\t\t<div class=\"elementor-element elementor-element-38a0d21 elementor-widget elementor-widget-text-editor\" data-id=\"38a0d21\" data-element_type=\"widget\" data-widget_type=\"text-editor.default\">\n\t\t\t\t<div class=\"elementor-widget-container\">\n\t\t\t\t\t\t\t<p>Rellena el siguiente formulario para solicitar que uno de nuestros comerciales se ponga en contacto contigo lo antes posible<\/p>\n\t\t\t\t\t\t<\/div>\n\t\t\t\t<\/div>\n\t\t\t\t\t<\/div>\n\t\t<\/div>\n\t\t\t\t<div class=\"elementor-column elementor-col-50 elementor-top-column elementor-element elementor-element-bfbfabe\" data-id=\"bfbfabe\" data-element_type=\"column\">\n\t\t\t<div class=\"elementor-widget-wrap elementor-element-populated\">\n\t\t\t\t\t\t\t\t<div class=\"elementor-element elementor-element-1d6c461 elementor-widget elementor-widget-bridge_cf_7\" data-id=\"1d6c461\" data-element_type=\"widget\" data-widget_type=\"bridge_cf_7.default\">\n\t\t\t\t<div class=\"elementor-widget-container\">\n\t\t\t    <div class=\"qode-contact-form-7 qode-contact-form-7-0\">\n    <div role=\"form\" class=\"wpcf7\" id=\"wpcf7-f465-o1\" lang=\"it-IT\" dir=\"ltr\">\n<div class=\"screen-reader-response\"><p role=\"status\" aria-live=\"polite\" aria-atomic=\"true\"><\/p> <ul><\/ul><\/div>\n<form action=\"\/es\/wp-json\/wp\/v2\/pages\/11107#wpcf7-f465-o1\" method=\"post\" class=\"wpcf7-form init cf7_custom_style_1\" novalidate=\"novalidate\" data-status=\"init\">\n<div style=\"display: none;\">\n<input type=\"hidden\" name=\"_wpcf7\" value=\"465\" \/>\n<input type=\"hidden\" name=\"_wpcf7_version\" value=\"5.6\" \/>\n<input type=\"hidden\" name=\"_wpcf7_locale\" value=\"it_IT\" \/>\n<input type=\"hidden\" name=\"_wpcf7_unit_tag\" value=\"wpcf7-f465-o1\" \/>\n<input type=\"hidden\" name=\"_wpcf7_container_post\" value=\"0\" \/>\n<input type=\"hidden\" name=\"_wpcf7_posted_data_hash\" value=\"\" \/>\n<\/div>\n<div class=\"two_columns_50_50 clearfix\">\n\n <div class=\"column1\">\n  <div class=\"column_inner\">\n   <span class=\"wpcf7-form-control-wrap\" data-name=\"first-name\"><input type=\"text\" name=\"first-name\" value=\"\" size=\"40\" class=\"wpcf7-form-control wpcf7-text wpcf7-validates-as-required\" aria-required=\"true\" aria-invalid=\"false\" placeholder=\"Nome\" \/><\/span>\n  <\/div>\n <\/div>\n\n <div class=\"column2\">\n  <div class=\"column_inner\">\n   <span class=\"wpcf7-form-control-wrap\" data-name=\"last-name\"><input type=\"text\" name=\"last-name\" value=\"\" size=\"40\" class=\"wpcf7-form-control wpcf7-text wpcf7-validates-as-required\" aria-required=\"true\" aria-invalid=\"false\" placeholder=\"Cognome\" \/><\/span>\n  <\/div>\n <\/div>\n\n <div class=\"column1\">\n  <div class=\"column_inner\">\n   <span class=\"wpcf7-form-control-wrap\" data-name=\"email\"><input type=\"email\" name=\"email\" value=\"\" size=\"40\" class=\"wpcf7-form-control wpcf7-text wpcf7-email wpcf7-validates-as-required wpcf7-validates-as-email\" aria-required=\"true\" aria-invalid=\"false\" placeholder=\"\u0415-mail\" \/><\/span>\n  <\/div>\n <\/div>\n\n <div class=\"column2\">\n  <div class=\"column_inner\">\n   <span class=\"wpcf7-form-control-wrap\" data-name=\"last-name\"><input type=\"text\" name=\"last-name\" value=\"\" size=\"40\" class=\"wpcf7-form-control wpcf7-text wpcf7-validates-as-required\" aria-required=\"true\" aria-invalid=\"false\" placeholder=\"Telefono*\" \/><\/span>\n  <\/div>\n <\/div>\n\n<\/div>\n\n\n<div><span class=\"wpcf7-form-control-wrap\" data-name=\"your-message\"><textarea name=\"your-message\" cols=\"40\" rows=\"10\" class=\"wpcf7-form-control wpcf7-textarea wpcf7-validates-as-required\" aria-required=\"true\" aria-invalid=\"false\" placeholder=\"Messaggio\"><\/textarea><\/span><\/div>\n<span class=\"wpcf7-form-control-wrap\" data-name=\"PrivacyPolicy\"><span class=\"wpcf7-form-control wpcf7-acceptance\"><span class=\"wpcf7-list-item\"><label><input type=\"checkbox\" name=\"PrivacyPolicy\" value=\"1\" aria-invalid=\"false\" \/><span class=\"wpcf7-list-item-label\">Ho letto e accettato la <a href=\"https:\/\/www.iubenda.com\/privacy-policy\/86527079\" class=\"iubenda-nostyle iubenda-noiframe iubenda-embed iubenda-noiframe \" title=\"Privacy Policy \">Privacy Policy<\/a><\/span><\/label><\/span><\/span><\/span>\n<div style=\"text-align:left\"><input type=\"submit\" value=\"Invia\" class=\"wpcf7-form-control has-spinner wpcf7-submit\" \/><\/div><div class=\"wpcf7-response-output\" aria-hidden=\"true\"><\/div><\/form><\/div>    <\/div>\n\t\t<\/div>\n\t\t\t\t<\/div>\n\t\t\t\t\t<\/div>\n\t\t<\/div>\n\t\t\t\t\t\t\t<\/div>\n\t\t<\/section>\n\t\t\t\t\t\t\t<\/div>\n\t\t","protected":false},"excerpt":{"rendered":"<p>CONTACTOS Si eres un particular y deseas m\u00e1s informaci\u00f3n sobre nuestros productos, env\u00edanos un mensaje: uno de nuestros representantes se pondr\u00e1 en contacto contigo lo antes posible. Si eres fot\u00f3grafo, selecciona el enlace \u00abContacto profesional\u00bb y rellena los campos obligatorios. Correo electr\u00f3nico: info@albumtheca.com SOLICITAR CONTACTO&#8230;<\/p>\n","protected":false},"author":3,"featured_media":0,"parent":0,"menu_order":0,"comment_status":"closed","ping_status":"closed","template":"full_width.php","meta":{"_monsterinsights_skip_tracking":false,"_monsterinsights_sitenote_active":false,"_monsterinsights_sitenote_note":"","_monsterinsights_sitenote_category":0,"footnotes":""},"class_list":["post-11107","page","type-page","status-publish","hentry"],"_links":{"self":[{"href":"https:\/\/www.albumtheca.it\/es\/wp-json\/wp\/v2\/pages\/11107","targetHints":{"allow":["GET"]}}],"collection":[{"href":"https:\/\/www.albumtheca.it\/es\/wp-json\/wp\/v2\/pages"}],"about":[{"href":"https:\/\/www.albumtheca.it\/es\/wp-json\/wp\/v2\/types\/page"}],"author":[{"embeddable":true,"href":"https:\/\/www.albumtheca.it\/es\/wp-json\/wp\/v2\/users\/3"}],"replies":[{"embeddable":true,"href":"https:\/\/www.albumtheca.it\/es\/wp-json\/wp\/v2\/comments?post=11107"}],"version-history":[{"count":4,"href":"https:\/\/www.albumtheca.it\/es\/wp-json\/wp\/v2\/pages\/11107\/revisions"}],"predecessor-version":[{"id":11339,"href":"https:\/\/www.albumtheca.it\/es\/wp-json\/wp\/v2\/pages\/11107\/revisions\/11339"}],"wp:attachment":[{"href":"https:\/\/www.albumtheca.it\/es\/wp-json\/wp\/v2\/media?parent=11107"}],"curies":[{"name":"wp","href":"https:\/\/api.w.org\/{rel}","templated":true}]}}