{"id":11130,"date":"2022-06-29T13:37:25","date_gmt":"2022-06-29T11:37:25","guid":{"rendered":"https:\/\/www.albumtheca.it\/feretros\/"},"modified":"2024-07-22T11:43:06","modified_gmt":"2024-07-22T09:43:06","slug":"feretros","status":"publish","type":"page","link":"https:\/\/www.albumtheca.it\/es\/feretros\/","title":{"rendered":"Cajas"},"content":{"rendered":"\t\t<div data-elementor-type=\"wp-page\" data-elementor-id=\"11130\" class=\"elementor elementor-11130 elementor-2311\">\n\t\t\t\t\t\t\t\t\t<section class=\"elementor-section elementor-top-section elementor-element elementor-element-b4c6b03 animated-slow elementor-section-full_width elementor-section-height-min-height elementor-section-height-default elementor-section-items-middle parallax_section_no qode_elementor_container_no elementor-invisible\" data-id=\"b4c6b03\" data-element_type=\"section\" data-settings=\"{&quot;background_background&quot;:&quot;classic&quot;,&quot;animation&quot;:&quot;fadeIn&quot;}\">\n\t\t\t\t\t\t<div class=\"elementor-container elementor-column-gap-default\">\n\t\t\t\t\t<div class=\"elementor-column elementor-col-50 elementor-top-column elementor-element elementor-element-03d503a elementor-invisible\" data-id=\"03d503a\" data-element_type=\"column\" data-settings=\"{&quot;background_background&quot;:&quot;classic&quot;,&quot;animation&quot;:&quot;fadeIn&quot;}\">\n\t\t\t<div class=\"elementor-widget-wrap elementor-element-populated\">\n\t\t\t\t\t\t\t\t<div class=\"elementor-element elementor-element-da1bd28 elementor-widget elementor-widget-text-editor\" data-id=\"da1bd28\" data-element_type=\"widget\" data-widget_type=\"text-editor.default\">\n\t\t\t\t<div class=\"elementor-widget-container\">\n\t\t\t<style>\/*! elementor - v3.6.6 - 08-06-2022 *\/\n.elementor-widget-text-editor.elementor-drop-cap-view-stacked .elementor-drop-cap{background-color:#818a91;color:#fff}.elementor-widget-text-editor.elementor-drop-cap-view-framed .elementor-drop-cap{color:#818a91;border:3px solid;background-color:transparent}.elementor-widget-text-editor:not(.elementor-drop-cap-view-default) .elementor-drop-cap{margin-top:8px}.elementor-widget-text-editor:not(.elementor-drop-cap-view-default) .elementor-drop-cap-letter{width:1em;height:1em}.elementor-widget-text-editor .elementor-drop-cap{float:left;text-align:center;line-height:1;font-size:50px}.elementor-widget-text-editor .elementor-drop-cap-letter{display:inline-block}<\/style>\t\t\t\t<h1><span style=\"color: #ffffff;\">CAJAS<\/span><\/h1>\n\t\t\t\t\t\t<\/div>\n\t\t\t\t<\/div>\n\t\t\t\t<div class=\"elementor-element elementor-element-d2f21a1 elementor-widget elementor-widget-text-editor\" data-id=\"d2f21a1\" data-element_type=\"widget\" data-widget_type=\"text-editor.default\">\n\t\t\t\t<div class=\"elementor-widget-container\">\n\t\t\t\t\t\t\t<span style=\"color: #ffffff;\">Guarda tus recuerdos m\u00e1s importantes en bonitas cajas de madera.\nAcabado con telas y\nPiel sint\u00e9tica coordinada con el \u00c1lbum, personalizada con Fotos y\nGr\u00e1ficos impresos con l\u00e1ser o impresos.<\/span>\t\t\t\t\t\t<\/div>\n\t\t\t\t<\/div>\n\t\t\t\t<div class=\"elementor-element elementor-element-6cb7bcc elementor-widget elementor-widget-bridge_button\" data-id=\"6cb7bcc\" data-element_type=\"widget\" data-widget_type=\"bridge_button.default\">\n\t\t\t\t<div class=\"elementor-widget-container\">\n\t\t\t<a  itemprop=\"url\" href=\"https:\/\/www.albumtheca.it\/\/contatti\/\" target=\"_self\" data-hover-border-color='#ffffff'  class=\"qbutton  default\" style=\"\">m\u00e1s informaci\u00f3n<span aria-hidden=\"true\" class=\"qode-icon-kiko kikol kiko-email qode_button_icon_element\" style=\"\" ><\/span><\/a>\t\t<\/div>\n\t\t\t\t<\/div>\n\t\t\t\t\t<\/div>\n\t\t<\/div>\n\t\t\t\t<div class=\"elementor-column elementor-col-50 elementor-top-column elementor-element elementor-element-e6533cf\" data-id=\"e6533cf\" data-element_type=\"column\">\n\t\t\t<div class=\"elementor-widget-wrap\">\n\t\t\t\t\t\t\t\t\t<\/div>\n\t\t<\/div>\n\t\t\t\t\t\t\t<\/div>\n\t\t<\/section>\n\t\t\t\t<section class=\"elementor-section elementor-top-section elementor-element elementor-element-e25e481 elementor-section-full_width qode_elementor_container_inner animated-slow elementor-section-height-default elementor-section-height-default parallax_section_no elementor-invisible\" data-id=\"e25e481\" data-element_type=\"section\" data-settings=\"{&quot;background_background&quot;:&quot;classic&quot;,&quot;animation&quot;:&quot;fadeIn&quot;}\">\n\t\t\t\t\t\t<div class=\"elementor-container elementor-column-gap-no\">\n\t\t\t\t\t<div class=\"elementor-column elementor-col-50 elementor-top-column elementor-element elementor-element-fadab41\" data-id=\"fadab41\" data-element_type=\"column\">\n\t\t\t<div class=\"elementor-widget-wrap elementor-element-populated\">\n\t\t\t\t\t\t\t\t<div class=\"elementor-element elementor-element-6a01a53 elementor-widget elementor-widget-text-editor\" data-id=\"6a01a53\" data-element_type=\"widget\" data-widget_type=\"text-editor.default\">\n\t\t\t\t<div class=\"elementor-widget-container\">\n\t\t\t\t\t\t\t<h1>CAJAS<\/h1>\n\t\t\t\t\t\t<\/div>\n\t\t\t\t<\/div>\n\t\t\t\t<div class=\"elementor-element elementor-element-6779c5d elementor-widget elementor-widget-text-editor\" data-id=\"6779c5d\" data-element_type=\"widget\" data-widget_type=\"text-editor.default\">\n\t\t\t\t<div class=\"elementor-widget-container\">\n\t\t\t\t\t\t\t<h3>Vigila tus emociones. La l\u00ednea de sets en caja te permite hacer del \u00e1lbum un objeto de decoraci\u00f3n para disfrutar en todo momento.<\/h3>\n\t\t\t\t\t\t<\/div>\n\t\t\t\t<\/div>\n\t\t\t\t\t<\/div>\n\t\t<\/div>\n\t\t\t\t<div class=\"elementor-column elementor-col-50 elementor-top-column elementor-element elementor-element-00474fc\" data-id=\"00474fc\" data-element_type=\"column\">\n\t\t\t<div class=\"elementor-widget-wrap elementor-element-populated\">\n\t\t\t\t\t\t\t\t<div class=\"elementor-element elementor-element-2e684c1 elementor-widget__width-auto elementor-widget elementor-widget-bridge_button\" data-id=\"2e684c1\" data-element_type=\"widget\" data-widget_type=\"bridge_button.default\">\n\t\t\t\t<div class=\"elementor-widget-container\">\n\t\t\t<a  itemprop=\"url\" href=\"https:\/\/www.albumtheca.it\/es\/prodotti\" target=\"_self\" data-hover-background-color='#F0F0F0' data-hover-border-color='#F0F0F0' data-hover-color='#000000' class=\"qbutton  default\" style=\"color: #000000; border-color: #000000; \">TODOS LOS PRODUCTOS<span aria-hidden=\"true\" class=\"qode-icon-kiko kikol kiko-double-arrow-left qode_button_icon_element\" style=\"\" ><\/span><\/a>\t\t<\/div>\n\t\t\t\t<\/div>\n\t\t\t\t\t<\/div>\n\t\t<\/div>\n\t\t\t\t\t\t\t<\/div>\n\t\t<\/section>\n\t\t\t\t<section class=\"elementor-section elementor-top-section elementor-element elementor-element-1b068d4 elementor-section-full_width qode_elementor_container_inner elementor-section-stretched elementor-section-height-default elementor-section-height-default parallax_section_no elementor-invisible\" data-id=\"1b068d4\" data-element_type=\"section\" data-settings=\"{&quot;animation&quot;:&quot;fadeIn&quot;,&quot;stretch_section&quot;:&quot;section-stretched&quot;}\">\n\t\t\t\t\t\t<div class=\"elementor-container elementor-column-gap-narrow\">\n\t\t\t\t\t<div class=\"elementor-column elementor-col-33 elementor-top-column elementor-element elementor-element-4373a15\" data-id=\"4373a15\" data-element_type=\"column\">\n\t\t\t<div class=\"elementor-widget-wrap elementor-element-populated\">\n\t\t\t\t\t\t\t\t<div class=\"elementor-element elementor-element-be29a41 elementor-widget elementor-widget-image\" data-id=\"be29a41\" data-element_type=\"widget\" data-widget_type=\"image.default\">\n\t\t\t\t<div class=\"elementor-widget-container\">\n\t\t\t<style>\/*! elementor - v3.6.6 - 08-06-2022 *\/\n.elementor-widget-image{text-align:center}.elementor-widget-image a{display:inline-block}.elementor-widget-image a img[src$=\".svg\"]{width:48px}.elementor-widget-image img{vertical-align:middle;display:inline-block}<\/style>\t\t\t\t\t\t\t\t\t\t\t\t<img loading=\"lazy\" decoding=\"async\" width=\"1080\" height=\"1080\" src=\"https:\/\/www.albumtheca.it\/wp-content\/uploads\/2023\/06\/ambientata-duo.jpg\" class=\"attachment-full size-full\" alt=\"\" srcset=\"https:\/\/www.albumtheca.it\/wp-content\/uploads\/2023\/06\/ambientata-duo.jpg 1080w, https:\/\/www.albumtheca.it\/wp-content\/uploads\/2023\/06\/ambientata-duo-300x300.jpg 300w, https:\/\/www.albumtheca.it\/wp-content\/uploads\/2023\/06\/ambientata-duo-1024x1024.jpg 1024w, https:\/\/www.albumtheca.it\/wp-content\/uploads\/2023\/06\/ambientata-duo-150x150.jpg 150w, https:\/\/www.albumtheca.it\/wp-content\/uploads\/2023\/06\/ambientata-duo-768x768.jpg 768w, https:\/\/www.albumtheca.it\/wp-content\/uploads\/2023\/06\/ambientata-duo-570x570.jpg 570w, https:\/\/www.albumtheca.it\/wp-content\/uploads\/2023\/06\/ambientata-duo-500x500.jpg 500w, https:\/\/www.albumtheca.it\/wp-content\/uploads\/2023\/06\/ambientata-duo-1000x1000.jpg 1000w, https:\/\/www.albumtheca.it\/wp-content\/uploads\/2023\/06\/ambientata-duo-700x700.jpg 700w, https:\/\/www.albumtheca.it\/wp-content\/uploads\/2023\/06\/ambientata-duo-650x650.jpg 650w\" sizes=\"auto, (max-width: 1080px) 100vw, 1080px\" \/>\t\t\t\t\t\t\t\t\t\t\t\t\t\t\t<\/div>\n\t\t\t\t<\/div>\n\t\t\t\t<div class=\"elementor-element elementor-element-45e37cc elementor-widget elementor-widget-text-editor\" data-id=\"45e37cc\" data-element_type=\"widget\" data-widget_type=\"text-editor.default\">\n\t\t\t\t<div class=\"elementor-widget-container\">\n\t\t\t\t\t\t\t<h3>Duo<\/h3>\n\t\t\t\t\t\t<\/div>\n\t\t\t\t<\/div>\n\t\t\t\t<div class=\"elementor-element elementor-element-f47fe9a elementor-widget elementor-widget-text-editor\" data-id=\"f47fe9a\" data-element_type=\"widget\" data-widget_type=\"text-editor.default\">\n\t\t\t\t<div class=\"elementor-widget-container\">\n\t\t\t\t\t\t\t<p style=\"background-color: #ffffff;\">Duo es mucho m\u00e1s que una caja, no s\u00f3lo guarda tus recuerdos sino que te permite revivirlos cuando quieras.  <\/p>\n<p style=\"background-color: #ffffff;\">Tu \u00c1lbum se convierte en uno con la caja DUO que se transforma en un aut\u00e9ntico mueble.<\/p>\n\t\t\t\t\t\t<\/div>\n\t\t\t\t<\/div>\n\t\t\t\t<div class=\"elementor-element elementor-element-9361dc4 elementor-widget elementor-widget-text-editor\" data-id=\"9361dc4\" data-element_type=\"widget\" data-widget_type=\"text-editor.default\">\n\t\t\t\t<div class=\"elementor-widget-container\">\n\t\t\t\t\t\t\t\t\t\t\t\t\t<\/div>\n\t\t\t\t<\/div>\n\t\t\t\t<div class=\"elementor-element elementor-element-3591a8a elementor-widget elementor-widget-qi_addons_for_elementor_button\" data-id=\"3591a8a\" data-element_type=\"widget\" data-widget_type=\"qi_addons_for_elementor_button.default\">\n\t\t\t\t<div class=\"elementor-widget-container\">\n\t\t\t<a class=\"qodef-shortcode qodef-m  qodef-qi-button qodef-html--link qodef-layout--outlined qodef-type--standard qodef-size--small  qodef-icon--right qodef-hover--icon-move-horizontal-short     \" href=\"https:\/\/www.albumtheca.it\/es\/cofanetti\/duo\/\" target=\"_self\">\n\t<span class=\"qodef-m-text\">M\u00e1s informaci\u00f3n<\/span>\n\t<\/a>\n\t\t<\/div>\n\t\t\t\t<\/div>\n\t\t\t\t\t<\/div>\n\t\t<\/div>\n\t\t\t\t<div class=\"elementor-column elementor-col-33 elementor-top-column elementor-element elementor-element-cb6448d\" data-id=\"cb6448d\" data-element_type=\"column\">\n\t\t\t<div class=\"elementor-widget-wrap elementor-element-populated\">\n\t\t\t\t\t\t\t\t<div class=\"elementor-element elementor-element-c283766 elementor-widget elementor-widget-image\" data-id=\"c283766\" data-element_type=\"widget\" data-widget_type=\"image.default\">\n\t\t\t\t<div class=\"elementor-widget-container\">\n\t\t\t\t\t\t\t\t\t\t\t\t\t\t\t<img loading=\"lazy\" decoding=\"async\" width=\"879\" height=\"879\" src=\"https:\/\/www.albumtheca.it\/wp-content\/uploads\/2022\/07\/unique_home.jpg\" class=\"attachment-full size-full\" alt=\"\" srcset=\"https:\/\/www.albumtheca.it\/wp-content\/uploads\/2022\/07\/unique_home.jpg 879w, https:\/\/www.albumtheca.it\/wp-content\/uploads\/2022\/07\/unique_home-300x300.jpg 300w, https:\/\/www.albumtheca.it\/wp-content\/uploads\/2022\/07\/unique_home-150x150.jpg 150w, https:\/\/www.albumtheca.it\/wp-content\/uploads\/2022\/07\/unique_home-768x768.jpg 768w, https:\/\/www.albumtheca.it\/wp-content\/uploads\/2022\/07\/unique_home-570x570.jpg 570w, https:\/\/www.albumtheca.it\/wp-content\/uploads\/2022\/07\/unique_home-500x500.jpg 500w, https:\/\/www.albumtheca.it\/wp-content\/uploads\/2022\/07\/unique_home-700x700.jpg 700w, https:\/\/www.albumtheca.it\/wp-content\/uploads\/2022\/07\/unique_home-650x650.jpg 650w\" sizes=\"auto, (max-width: 879px) 100vw, 879px\" \/>\t\t\t\t\t\t\t\t\t\t\t\t\t\t\t<\/div>\n\t\t\t\t<\/div>\n\t\t\t\t<div class=\"elementor-element elementor-element-490692f elementor-widget elementor-widget-text-editor\" data-id=\"490692f\" data-element_type=\"widget\" data-widget_type=\"text-editor.default\">\n\t\t\t\t<div class=\"elementor-widget-container\">\n\t\t\t\t\t\t\t<h3>Unique<\/h3>\n\t\t\t\t\t\t<\/div>\n\t\t\t\t<\/div>\n\t\t\t\t<div class=\"elementor-element elementor-element-f059428 elementor-widget elementor-widget-text-editor\" data-id=\"f059428\" data-element_type=\"widget\" data-widget_type=\"text-editor.default\">\n\t\t\t\t<div class=\"elementor-widget-container\">\n\t\t\t\t\t\t\t<p>La caja como nunca antes.<\/p>\n<p>Decora con tus emociones, crea cofres y \u00e1lbumes \u00fanicos, enriquecidos con gr\u00e1ficos, im\u00e1genes y letras. Personaliza tu caja con tus momentos m\u00e1s especiales.<\/p>\n\t\t\t\t\t\t<\/div>\n\t\t\t\t<\/div>\n\t\t\t\t<div class=\"elementor-element elementor-element-f48b569 elementor-widget elementor-widget-text-editor\" data-id=\"f48b569\" data-element_type=\"widget\" data-widget_type=\"text-editor.default\">\n\t\t\t\t<div class=\"elementor-widget-container\">\n\t\t\t\t\t\t\t\t\t\t\t\t\t<\/div>\n\t\t\t\t<\/div>\n\t\t\t\t<div class=\"elementor-element elementor-element-a646e74 elementor-widget elementor-widget-qi_addons_for_elementor_button\" data-id=\"a646e74\" data-element_type=\"widget\" data-widget_type=\"qi_addons_for_elementor_button.default\">\n\t\t\t\t<div class=\"elementor-widget-container\">\n\t\t\t<a class=\"qodef-shortcode qodef-m  qodef-qi-button qodef-html--link qodef-layout--outlined qodef-type--standard qodef-size--small  qodef-icon--right qodef-hover--icon-move-horizontal-short     \" href=\"https:\/\/www.albumtheca.it\/es\/cofanetti\/unique\" target=\"_self\">\n\t<span class=\"qodef-m-text\">M\u00e1s informaci\u00f3n<\/span>\n\t<\/a>\n\t\t<\/div>\n\t\t\t\t<\/div>\n\t\t\t\t\t<\/div>\n\t\t<\/div>\n\t\t\t\t<div class=\"elementor-column elementor-col-33 elementor-top-column elementor-element elementor-element-eefecb7\" data-id=\"eefecb7\" data-element_type=\"column\">\n\t\t\t<div class=\"elementor-widget-wrap\">\n\t\t\t\t\t\t\t\t\t<\/div>\n\t\t<\/div>\n\t\t\t\t\t\t\t<\/div>\n\t\t<\/section>\n\t\t\t\t<section class=\"elementor-section elementor-top-section elementor-element elementor-element-f137818 elementor-section-full_width qode_elementor_container_inner elementor-section-height-default elementor-section-height-default parallax_section_no elementor-invisible\" data-id=\"f137818\" data-element_type=\"section\" data-settings=\"{&quot;animation&quot;:&quot;fadeIn&quot;}\">\n\t\t\t\t\t\t<div class=\"elementor-container elementor-column-gap-default\">\n\t\t\t\t\t<div class=\"elementor-column elementor-col-100 elementor-top-column elementor-element elementor-element-e2ad165\" data-id=\"e2ad165\" data-element_type=\"column\" data-settings=\"{&quot;background_background&quot;:&quot;slideshow&quot;,&quot;background_slideshow_gallery&quot;:[],&quot;background_slideshow_loop&quot;:&quot;yes&quot;,&quot;background_slideshow_slide_duration&quot;:5000,&quot;background_slideshow_slide_transition&quot;:&quot;fade&quot;,&quot;background_slideshow_transition_duration&quot;:500}\">\n\t\t\t<div class=\"elementor-widget-wrap elementor-element-populated\">\n\t\t\t\t\t\t\t\t<div class=\"elementor-element elementor-element-0731542 elementor-widget elementor-widget-spacer\" data-id=\"0731542\" data-element_type=\"widget\" data-widget_type=\"spacer.default\">\n\t\t\t\t<div class=\"elementor-widget-container\">\n\t\t\t<style>\/*! elementor - v3.6.6 - 08-06-2022 *\/\n.e-container.e-container--row .elementor-spacer-inner{width:var(--spacer-size)}.e-container.e-container--column .elementor-spacer-inner,.elementor-column .elementor-spacer-inner{height:var(--spacer-size)}<\/style>\t\t<div class=\"elementor-spacer\">\n\t\t\t<div class=\"elementor-spacer-inner\"><\/div>\n\t\t<\/div>\n\t\t\t\t<\/div>\n\t\t\t\t<\/div>\n\t\t\t\t\t<\/div>\n\t\t<\/div>\n\t\t\t\t\t\t\t<\/div>\n\t\t<\/section>\n\t\t\t\t\t\t\t<\/div>\n\t\t","protected":false},"excerpt":{"rendered":"<p>CAJAS Guarda tus recuerdos m\u00e1s importantes en bonitas cajas de madera. Acabado con telas y Piel sint\u00e9tica coordinada con el \u00c1lbum, personalizada con Fotos y Gr\u00e1ficos impresos con l\u00e1ser o impresos. m\u00e1s informaci\u00f3n CAJAS Vigila tus emociones. La l\u00ednea de sets en caja te permite&#8230;<\/p>\n","protected":false},"author":1,"featured_media":0,"parent":0,"menu_order":0,"comment_status":"closed","ping_status":"closed","template":"full_width.php","meta":{"_monsterinsights_skip_tracking":false,"_monsterinsights_sitenote_active":false,"_monsterinsights_sitenote_note":"","_monsterinsights_sitenote_category":0,"footnotes":""},"class_list":["post-11130","page","type-page","status-publish","hentry"],"_links":{"self":[{"href":"https:\/\/www.albumtheca.it\/es\/wp-json\/wp\/v2\/pages\/11130","targetHints":{"allow":["GET"]}}],"collection":[{"href":"https:\/\/www.albumtheca.it\/es\/wp-json\/wp\/v2\/pages"}],"about":[{"href":"https:\/\/www.albumtheca.it\/es\/wp-json\/wp\/v2\/types\/page"}],"author":[{"embeddable":true,"href":"https:\/\/www.albumtheca.it\/es\/wp-json\/wp\/v2\/users\/1"}],"replies":[{"embeddable":true,"href":"https:\/\/www.albumtheca.it\/es\/wp-json\/wp\/v2\/comments?post=11130"}],"version-history":[{"count":15,"href":"https:\/\/www.albumtheca.it\/es\/wp-json\/wp\/v2\/pages\/11130\/revisions"}],"predecessor-version":[{"id":11573,"href":"https:\/\/www.albumtheca.it\/es\/wp-json\/wp\/v2\/pages\/11130\/revisions\/11573"}],"wp:attachment":[{"href":"https:\/\/www.albumtheca.it\/es\/wp-json\/wp\/v2\/media?parent=11130"}],"curies":[{"name":"wp","href":"https:\/\/api.w.org\/{rel}","templated":true}]}}