{"id":11324,"date":"2022-06-29T15:34:22","date_gmt":"2022-06-29T13:34:22","guid":{"rendered":"https:\/\/www.albumtheca.it\/materiales\/"},"modified":"2024-07-01T15:40:05","modified_gmt":"2024-07-01T13:40:05","slug":"materiales","status":"publish","type":"page","link":"https:\/\/www.albumtheca.it\/es\/materiales\/","title":{"rendered":"Materiales"},"content":{"rendered":"\t\t<div data-elementor-type=\"wp-page\" data-elementor-id=\"11324\" class=\"elementor elementor-11324 elementor-2379\">\n\t\t\t\t\t\t\t\t\t<section class=\"elementor-section elementor-top-section elementor-element elementor-element-e25e481 elementor-section-full_width qode_elementor_container_inner elementor-section-height-default elementor-section-height-default parallax_section_no\" data-id=\"e25e481\" data-element_type=\"section\" data-settings=\"{&quot;background_background&quot;:&quot;classic&quot;}\">\n\t\t\t\t\t\t<div class=\"elementor-container elementor-column-gap-no\">\n\t\t\t\t\t<div class=\"elementor-column elementor-col-100 elementor-top-column elementor-element elementor-element-b0d9cfb\" data-id=\"b0d9cfb\" data-element_type=\"column\">\n\t\t\t<div class=\"elementor-widget-wrap\">\n\t\t\t\t\t\t\t\t\t<\/div>\n\t\t<\/div>\n\t\t\t\t\t\t\t<\/div>\n\t\t<\/section>\n\t\t\t\t<section class=\"elementor-section elementor-top-section elementor-element elementor-element-4cd2983 elementor-section-full_width qode_elementor_container_inner animated-slow elementor-section-height-default elementor-section-height-default parallax_section_no elementor-invisible\" data-id=\"4cd2983\" data-element_type=\"section\" data-settings=\"{&quot;background_background&quot;:&quot;classic&quot;,&quot;animation&quot;:&quot;fadeIn&quot;}\">\n\t\t\t\t\t\t<div class=\"elementor-container elementor-column-gap-no\">\n\t\t\t\t\t<div class=\"elementor-column elementor-col-50 elementor-top-column elementor-element elementor-element-d36e9e3\" data-id=\"d36e9e3\" data-element_type=\"column\">\n\t\t\t<div class=\"elementor-widget-wrap elementor-element-populated\">\n\t\t\t\t\t\t\t\t<div class=\"elementor-element elementor-element-c4762eb elementor-widget elementor-widget-text-editor\" data-id=\"c4762eb\" data-element_type=\"widget\" data-widget_type=\"text-editor.default\">\n\t\t\t\t<div class=\"elementor-widget-container\">\n\t\t\t<style>\/*! elementor - v3.6.6 - 08-06-2022 *\/\n.elementor-widget-text-editor.elementor-drop-cap-view-stacked .elementor-drop-cap{background-color:#818a91;color:#fff}.elementor-widget-text-editor.elementor-drop-cap-view-framed .elementor-drop-cap{color:#818a91;border:3px solid;background-color:transparent}.elementor-widget-text-editor:not(.elementor-drop-cap-view-default) .elementor-drop-cap{margin-top:8px}.elementor-widget-text-editor:not(.elementor-drop-cap-view-default) .elementor-drop-cap-letter{width:1em;height:1em}.elementor-widget-text-editor .elementor-drop-cap{float:left;text-align:center;line-height:1;font-size:50px}.elementor-widget-text-editor .elementor-drop-cap-letter{display:inline-block}<\/style>\t\t\t\t<h1>MATERIALES<\/h1>\n\t\t\t\t\t\t<\/div>\n\t\t\t\t<\/div>\n\t\t\t\t<div class=\"elementor-element elementor-element-7773e0c elementor-widget elementor-widget-text-editor\" data-id=\"7773e0c\" data-element_type=\"widget\" data-widget_type=\"text-editor.default\">\n\t\t\t\t<div class=\"elementor-widget-container\">\n\t\t\t\t\t\t\t<h3>La amplia gama de materiales est\u00e1 especialmente seleccionada para permitir a nuestros clientes disponer de un producto \u00fanico y personalizado.<\/h3>\n\t\t\t\t\t\t<\/div>\n\t\t\t\t<\/div>\n\t\t\t\t\t<\/div>\n\t\t<\/div>\n\t\t\t\t<div class=\"elementor-column elementor-col-50 elementor-top-column elementor-element elementor-element-115d2d4\" data-id=\"115d2d4\" data-element_type=\"column\">\n\t\t\t<div class=\"elementor-widget-wrap elementor-element-populated\">\n\t\t\t\t\t\t\t\t<div class=\"elementor-element elementor-element-b88e5fb elementor-widget__width-auto elementor-widget elementor-widget-bridge_button\" data-id=\"b88e5fb\" data-element_type=\"widget\" data-widget_type=\"bridge_button.default\">\n\t\t\t\t<div class=\"elementor-widget-container\">\n\t\t\t<a  itemprop=\"url\" href=\"https:\/\/www.albumtheca.it\/\/prodotti\/\" target=\"_self\"  class=\"qbutton  default\" style=\"\">TODOS LOS PRODUCTOS<span aria-hidden=\"true\" class=\"qode-icon-kiko kikol kiko-double-arrow-left qode_button_icon_element\" style=\"\" ><\/span><\/a>\t\t<\/div>\n\t\t\t\t<\/div>\n\t\t\t\t\t<\/div>\n\t\t<\/div>\n\t\t\t\t\t\t\t<\/div>\n\t\t<\/section>\n\t\t\t\t<section class=\"elementor-section elementor-top-section elementor-element elementor-element-9f7b900 elementor-section-boxed elementor-section-height-default elementor-section-height-default parallax_section_no qode_elementor_container_no\" data-id=\"9f7b900\" data-element_type=\"section\">\n\t\t\t\t\t\t<div class=\"elementor-container elementor-column-gap-default\">\n\t\t\t\t\t<div class=\"elementor-column elementor-col-100 elementor-top-column elementor-element elementor-element-be99706\" data-id=\"be99706\" data-element_type=\"column\">\n\t\t\t<div class=\"elementor-widget-wrap\">\n\t\t\t\t\t\t\t\t\t<\/div>\n\t\t<\/div>\n\t\t\t\t\t\t\t<\/div>\n\t\t<\/section>\n\t\t\t\t\t\t\t<\/div>\n\t\t","protected":false},"excerpt":{"rendered":"<p>MATERIALES La amplia gama de materiales est\u00e1 especialmente seleccionada para permitir a nuestros clientes disponer de un producto \u00fanico y personalizado. TODOS LOS PRODUCTOS Todos Todos Lienzo Tejido P\u00faas Piel sint\u00e9tica Arce Arce Junior Lienzo Lienzo 01 Lienzo Lienzo 02 Lienzo Lienzo 03 Lienzo Lienzo&#8230;<\/p>\n","protected":false},"author":1,"featured_media":0,"parent":0,"menu_order":0,"comment_status":"closed","ping_status":"closed","template":"full_width.php","meta":{"_monsterinsights_skip_tracking":false,"_monsterinsights_sitenote_active":false,"_monsterinsights_sitenote_note":"","_monsterinsights_sitenote_category":0,"footnotes":""},"class_list":["post-11324","page","type-page","status-publish","hentry"],"_links":{"self":[{"href":"https:\/\/www.albumtheca.it\/es\/wp-json\/wp\/v2\/pages\/11324","targetHints":{"allow":["GET"]}}],"collection":[{"href":"https:\/\/www.albumtheca.it\/es\/wp-json\/wp\/v2\/pages"}],"about":[{"href":"https:\/\/www.albumtheca.it\/es\/wp-json\/wp\/v2\/types\/page"}],"author":[{"embeddable":true,"href":"https:\/\/www.albumtheca.it\/es\/wp-json\/wp\/v2\/users\/1"}],"replies":[{"embeddable":true,"href":"https:\/\/www.albumtheca.it\/es\/wp-json\/wp\/v2\/comments?post=11324"}],"version-history":[{"count":6,"href":"https:\/\/www.albumtheca.it\/es\/wp-json\/wp\/v2\/pages\/11324\/revisions"}],"predecessor-version":[{"id":11445,"href":"https:\/\/www.albumtheca.it\/es\/wp-json\/wp\/v2\/pages\/11324\/revisions\/11445"}],"wp:attachment":[{"href":"https:\/\/www.albumtheca.it\/es\/wp-json\/wp\/v2\/media?parent=11324"}],"curies":[{"name":"wp","href":"https:\/\/api.w.org\/{rel}","templated":true}]}}